{"id":807,"date":"2022-10-22T14:54:15","date_gmt":"2022-10-22T14:54:15","guid":{"rendered":"https:\/\/oiac.ccfcc.tg\/?page_id=807"},"modified":"2022-10-27T10:27:45","modified_gmt":"2022-10-27T10:27:45","slug":"forum-politique","status":"publish","type":"page","link":"https:\/\/oiac.ccfcc.tg\/en\/forum-politique\/","title":{"rendered":"Political Forum"},"content":{"rendered":"<div data-elementor-type=\"wp-page\" data-elementor-id=\"807\" class=\"elementor elementor-807\">\n\t\t\t\t\t\t\t\t\t<section class=\"ob-is-breaking-bad elementor-section elementor-top-section elementor-element elementor-element-56990fe elementor-section-height-min-height elementor-section-boxed elementor-section-height-default elementor-section-items-middle\" data-id=\"56990fe\" data-element_type=\"section\" data-settings=\"{&quot;background_background&quot;:&quot;classic&quot;,&quot;_ob_bbad_use_it&quot;:&quot;yes&quot;,&quot;_ob_bbad_sssic_use&quot;:&quot;no&quot;,&quot;_ob_glider_is_slider&quot;:&quot;no&quot;}\">\n\t\t\t\t\t\t\t<div class=\"elementor-background-overlay\"><\/div>\n\t\t\t\t\t\t\t<div class=\"elementor-container elementor-column-gap-default\">\n\t\t\t\t\t<div class=\"elementor-column elementor-col-100 elementor-top-column elementor-element elementor-element-2eb3b57\" data-id=\"2eb3b57\" data-element_type=\"column\" data-settings=\"{&quot;_ob_bbad_is_stalker&quot;:&quot;no&quot;,&quot;_ob_teleporter_use&quot;:false,&quot;_ob_column_hoveranimator&quot;:&quot;no&quot;,&quot;_ob_column_has_pseudo&quot;:&quot;no&quot;}\">\n\t\t\t<div class=\"elementor-widget-wrap elementor-element-populated\">\n\t\t\t\t\t\t\t\t<div class=\"elementor-element elementor-element-01f376f ob-harakiri-inherit ob-has-background-overlay elementor-widget elementor-widget-heading\" data-id=\"01f376f\" data-element_type=\"widget\" data-settings=\"{&quot;_ob_use_harakiri&quot;:&quot;yes&quot;,&quot;_ob_harakiri_writing_mode&quot;:&quot;inherit&quot;,&quot;_ob_harakiri_text_clip&quot;:&quot;none&quot;,&quot;_ob_perspektive_use&quot;:&quot;no&quot;,&quot;_ob_poopart_use&quot;:&quot;yes&quot;,&quot;_ob_shadough_use&quot;:&quot;no&quot;,&quot;_ob_allow_hoveranimator&quot;:&quot;no&quot;,&quot;_ob_widget_stalker_use&quot;:&quot;no&quot;}\" data-widget_type=\"heading.default\">\n\t\t\t\t<div class=\"elementor-widget-container\">\n\t\t\t<style>\/*! elementor - v3.8.1 - 13-11-2022 *\/\n.elementor-heading-title{padding:0;margin:0;line-height:1}.elementor-widget-heading .elementor-heading-title[class*=elementor-size-]>a{color:inherit;font-size:inherit;line-height:inherit}.elementor-widget-heading .elementor-heading-title.elementor-size-small{font-size:15px}.elementor-widget-heading .elementor-heading-title.elementor-size-medium{font-size:19px}.elementor-widget-heading .elementor-heading-title.elementor-size-large{font-size:29px}.elementor-widget-heading .elementor-heading-title.elementor-size-xl{font-size:39px}.elementor-widget-heading .elementor-heading-title.elementor-size-xxl{font-size:59px}<\/style><h2 class=\"elementor-heading-title elementor-size-default\">Political Forum<\/h2>\t\t<\/div>\n\t\t\t\t<\/div>\n\t\t\t\t\t<\/div>\n\t\t<\/div>\n\t\t\t\t\t\t\t<\/div>\n\t\t<\/section>\n\t\t\t\t<section class=\"ob-is-breaking-bad elementor-section elementor-top-section elementor-element elementor-element-40bbbd5 elementor-section-boxed elementor-section-height-default elementor-section-height-default\" data-id=\"40bbbd5\" data-element_type=\"section\" data-settings=\"{&quot;_ob_bbad_use_it&quot;:&quot;yes&quot;,&quot;_ob_bbad_sssic_use&quot;:&quot;no&quot;,&quot;_ob_glider_is_slider&quot;:&quot;no&quot;}\">\n\t\t\t\t\t\t<div class=\"elementor-container elementor-column-gap-default\">\n\t\t\t\t\t<div class=\"elementor-column elementor-col-100 elementor-top-column elementor-element elementor-element-fc8a903\" data-id=\"fc8a903\" data-element_type=\"column\" data-settings=\"{&quot;_ob_bbad_is_stalker&quot;:&quot;no&quot;,&quot;_ob_teleporter_use&quot;:false,&quot;_ob_column_hoveranimator&quot;:&quot;no&quot;,&quot;_ob_column_has_pseudo&quot;:&quot;no&quot;}\">\n\t\t\t<div class=\"elementor-widget-wrap elementor-element-populated\">\n\t\t\t\t\t\t\t\t<div class=\"elementor-element elementor-element-a137703 ob-harakiri-inherit ob-has-background-overlay elementor-widget elementor-widget-text-editor\" data-id=\"a137703\" data-element_type=\"widget\" data-settings=\"{&quot;_ob_use_harakiri&quot;:&quot;yes&quot;,&quot;_ob_harakiri_writing_mode&quot;:&quot;inherit&quot;,&quot;_ob_postman_use&quot;:&quot;no&quot;,&quot;_ob_perspektive_use&quot;:&quot;no&quot;,&quot;_ob_poopart_use&quot;:&quot;yes&quot;,&quot;_ob_shadough_use&quot;:&quot;no&quot;,&quot;_ob_allow_hoveranimator&quot;:&quot;no&quot;,&quot;_ob_widget_stalker_use&quot;:&quot;no&quot;}\" data-widget_type=\"text-editor.default\">\n\t\t\t\t<div class=\"elementor-widget-container\">\n\t\t\t<style>\/*! elementor - v3.8.1 - 13-11-2022 *\/\n.elementor-widget-text-editor.elementor-drop-cap-view-stacked .elementor-drop-cap{background-color:#818a91;color:#fff}.elementor-widget-text-editor.elementor-drop-cap-view-framed .elementor-drop-cap{color:#818a91;border:3px solid;background-color:transparent}.elementor-widget-text-editor:not(.elementor-drop-cap-view-default) .elementor-drop-cap{margin-top:8px}.elementor-widget-text-editor:not(.elementor-drop-cap-view-default) .elementor-drop-cap-letter{width:1em;height:1em}.elementor-widget-text-editor .elementor-drop-cap{float:left;text-align:center;line-height:1;font-size:50px}.elementor-widget-text-editor .elementor-drop-cap-letter{display:inline-block}<\/style>\t\t\t\t<h4>High-level Policy Forum<\/h4><p><strong>Moderator: Chairman of IACO<\/strong><\/p><p>This session enables for interaction between the ministers of the IACO Member States in order to deliberate on the various policy issues affecting young people and women in the coffee industry in Africa. <img loading=\"lazy\" decoding=\"async\" class=\"alignright wp-image-553 size-large\" src=\"https:\/\/oiac.ccfcc.tg\/wp-content\/uploads\/2022\/10\/DSC_6474-1024x741.jpg\" alt=\"\" width=\"800\" height=\"579\" srcset=\"https:\/\/oiac.ccfcc.tg\/wp-content\/uploads\/2022\/10\/DSC_6474-1024x741.jpg 1024w, https:\/\/oiac.ccfcc.tg\/wp-content\/uploads\/2022\/10\/DSC_6474-300x217.jpg 300w, https:\/\/oiac.ccfcc.tg\/wp-content\/uploads\/2022\/10\/DSC_6474-768x556.jpg 768w, https:\/\/oiac.ccfcc.tg\/wp-content\/uploads\/2022\/10\/DSC_6474-1536x1112.jpg 1536w, https:\/\/oiac.ccfcc.tg\/wp-content\/uploads\/2022\/10\/DSC_6474-18x12.jpg 18w, https:\/\/oiac.ccfcc.tg\/wp-content\/uploads\/2022\/10\/DSC_6474.jpg 1920w\" sizes=\"auto, (max-width: 800px) 100vw, 800px\" \/><\/p><p>Under this year's theme \"What national policies for the promotion of youth and women's activities for the emergence of the coffee industry in Africa?\"<\/p><p>Ministers will be invited to share the experiences and perspectives of their respective countries. This will include actions taken to support young people and women in the coffee industry in our respective African countries.<\/p>\t\t\t\t\t\t<\/div>\n\t\t\t\t<\/div>\n\t\t\t\t\t<\/div>\n\t\t<\/div>\n\t\t\t\t\t\t\t<\/div>\n\t\t<\/section>\n\t\t\t\t\t\t\t<\/div>","protected":false},"excerpt":{"rendered":"<p>Forum politique de haut niveau Mod\u00e9rateur : Pr\u00e9sident de l\u2019OIAC Cette session permet une interaction entre les ministres des \u00c9tats membres de l&rsquo;OIAC afin de d\u00e9lib\u00e9rer sur les diff\u00e9rentes questions politiques affectant les jeunes et les femmes dans l\u2019industrie du caf\u00e9 en Afrique. Sous le th\u00e8me de cette ann\u00e9e \u00ab Quelles politiques nationales de promotion [&hellip;]<\/p>","protected":false},"author":1,"featured_media":0,"parent":0,"menu_order":0,"comment_status":"closed","ping_status":"closed","template":"","meta":{"footnotes":""},"class_list":["post-807","page","type-page","status-publish","hentry"],"_links":{"self":[{"href":"https:\/\/oiac.ccfcc.tg\/en\/wp-json\/wp\/v2\/pages\/807","targetHints":{"allow":["GET"]}}],"collection":[{"href":"https:\/\/oiac.ccfcc.tg\/en\/wp-json\/wp\/v2\/pages"}],"about":[{"href":"https:\/\/oiac.ccfcc.tg\/en\/wp-json\/wp\/v2\/types\/page"}],"author":[{"embeddable":true,"href":"https:\/\/oiac.ccfcc.tg\/en\/wp-json\/wp\/v2\/users\/1"}],"replies":[{"embeddable":true,"href":"https:\/\/oiac.ccfcc.tg\/en\/wp-json\/wp\/v2\/comments?post=807"}],"version-history":[{"count":25,"href":"https:\/\/oiac.ccfcc.tg\/en\/wp-json\/wp\/v2\/pages\/807\/revisions"}],"predecessor-version":[{"id":1119,"href":"https:\/\/oiac.ccfcc.tg\/en\/wp-json\/wp\/v2\/pages\/807\/revisions\/1119"}],"wp:attachment":[{"href":"https:\/\/oiac.ccfcc.tg\/en\/wp-json\/wp\/v2\/media?parent=807"}],"curies":[{"name":"wp","href":"https:\/\/api.w.org\/{rel}","templated":true}]}}