{"id":797,"date":"2022-10-22T14:52:39","date_gmt":"2022-10-22T14:52:39","guid":{"rendered":"https:\/\/oiac.ccfcc.tg\/?page_id=797"},"modified":"2022-10-25T15:54:50","modified_gmt":"2022-10-25T15:54:50","slug":"concours-barista","status":"publish","type":"page","link":"https:\/\/oiac.ccfcc.tg\/en\/concours-barista\/","title":{"rendered":"Barista contest"},"content":{"rendered":"<div data-elementor-type=\"wp-page\" data-elementor-id=\"797\" class=\"elementor elementor-797\">\n\t\t\t\t\t\t\t\t\t<section class=\"ob-is-breaking-bad elementor-section elementor-top-section elementor-element elementor-element-91caf9f elementor-section-height-min-height elementor-section-boxed elementor-section-height-default elementor-section-items-middle\" data-id=\"91caf9f\" data-element_type=\"section\" data-settings=\"{&quot;background_background&quot;:&quot;classic&quot;,&quot;_ob_bbad_use_it&quot;:&quot;yes&quot;,&quot;_ob_bbad_sssic_use&quot;:&quot;no&quot;,&quot;_ob_glider_is_slider&quot;:&quot;no&quot;}\">\n\t\t\t\t\t\t\t<div class=\"elementor-background-overlay\"><\/div>\n\t\t\t\t\t\t\t<div class=\"elementor-container elementor-column-gap-default\">\n\t\t\t\t\t<div class=\"elementor-column elementor-col-100 elementor-top-column elementor-element elementor-element-e6100df\" data-id=\"e6100df\" data-element_type=\"column\" data-settings=\"{&quot;_ob_bbad_is_stalker&quot;:&quot;no&quot;,&quot;_ob_teleporter_use&quot;:false,&quot;_ob_column_hoveranimator&quot;:&quot;no&quot;,&quot;_ob_column_has_pseudo&quot;:&quot;no&quot;}\">\n\t\t\t<div class=\"elementor-widget-wrap elementor-element-populated\">\n\t\t\t\t\t\t\t\t<div class=\"elementor-element elementor-element-75722e0 ob-harakiri-inherit ob-has-background-overlay elementor-widget elementor-widget-heading\" data-id=\"75722e0\" data-element_type=\"widget\" data-settings=\"{&quot;_ob_use_harakiri&quot;:&quot;yes&quot;,&quot;_ob_harakiri_writing_mode&quot;:&quot;inherit&quot;,&quot;_ob_harakiri_text_clip&quot;:&quot;none&quot;,&quot;_ob_perspektive_use&quot;:&quot;no&quot;,&quot;_ob_poopart_use&quot;:&quot;yes&quot;,&quot;_ob_shadough_use&quot;:&quot;no&quot;,&quot;_ob_allow_hoveranimator&quot;:&quot;no&quot;,&quot;_ob_widget_stalker_use&quot;:&quot;no&quot;}\" data-widget_type=\"heading.default\">\n\t\t\t\t<div class=\"elementor-widget-container\">\n\t\t\t<style>\/*! elementor - v3.8.1 - 13-11-2022 *\/\n.elementor-heading-title{padding:0;margin:0;line-height:1}.elementor-widget-heading .elementor-heading-title[class*=elementor-size-]>a{color:inherit;font-size:inherit;line-height:inherit}.elementor-widget-heading .elementor-heading-title.elementor-size-small{font-size:15px}.elementor-widget-heading .elementor-heading-title.elementor-size-medium{font-size:19px}.elementor-widget-heading .elementor-heading-title.elementor-size-large{font-size:29px}.elementor-widget-heading .elementor-heading-title.elementor-size-xl{font-size:39px}.elementor-widget-heading .elementor-heading-title.elementor-size-xxl{font-size:59px}<\/style><h2 class=\"elementor-heading-title elementor-size-default\">Barista contest<\/h2>\t\t<\/div>\n\t\t\t\t<\/div>\n\t\t\t\t<div class=\"elementor-element elementor-element-afe1cb6 ob-harakiri-inherit ob-has-background-overlay elementor-widget elementor-widget-heading\" data-id=\"afe1cb6\" data-element_type=\"widget\" data-settings=\"{&quot;_ob_use_harakiri&quot;:&quot;yes&quot;,&quot;_ob_harakiri_writing_mode&quot;:&quot;inherit&quot;,&quot;_ob_harakiri_text_clip&quot;:&quot;none&quot;,&quot;_ob_perspektive_use&quot;:&quot;no&quot;,&quot;_ob_poopart_use&quot;:&quot;yes&quot;,&quot;_ob_shadough_use&quot;:&quot;no&quot;,&quot;_ob_allow_hoveranimator&quot;:&quot;no&quot;,&quot;_ob_widget_stalker_use&quot;:&quot;no&quot;}\" data-widget_type=\"heading.default\">\n\t\t\t\t<div class=\"elementor-widget-container\">\n\t\t\t<h2 class=\"elementor-heading-title elementor-size-default\">IACO AFRICA YOUTH BARISTA CHAMPIONSHIP (AYBC)<\/h2>\t\t<\/div>\n\t\t\t\t<\/div>\n\t\t\t\t\t<\/div>\n\t\t<\/div>\n\t\t\t\t\t\t\t<\/div>\n\t\t<\/section>\n\t\t\t\t<section class=\"ob-is-breaking-bad elementor-section elementor-top-section elementor-element elementor-element-43a6a8f elementor-section-boxed elementor-section-height-default elementor-section-height-default\" data-id=\"43a6a8f\" data-element_type=\"section\" data-settings=\"{&quot;_ob_bbad_use_it&quot;:&quot;yes&quot;,&quot;_ob_bbad_sssic_use&quot;:&quot;no&quot;,&quot;_ob_glider_is_slider&quot;:&quot;no&quot;}\">\n\t\t\t\t\t\t<div class=\"elementor-container elementor-column-gap-default\">\n\t\t\t\t\t<div class=\"elementor-column elementor-col-100 elementor-top-column elementor-element elementor-element-fbcaf79\" data-id=\"fbcaf79\" data-element_type=\"column\" data-settings=\"{&quot;_ob_bbad_is_stalker&quot;:&quot;no&quot;,&quot;_ob_teleporter_use&quot;:false,&quot;_ob_column_hoveranimator&quot;:&quot;no&quot;,&quot;_ob_column_has_pseudo&quot;:&quot;no&quot;}\">\n\t\t\t<div class=\"elementor-widget-wrap elementor-element-populated\">\n\t\t\t\t\t\t\t\t<div class=\"elementor-element elementor-element-8d7bf32 ob-harakiri-inherit ob-has-background-overlay elementor-widget elementor-widget-text-editor\" data-id=\"8d7bf32\" data-element_type=\"widget\" data-settings=\"{&quot;_ob_use_harakiri&quot;:&quot;yes&quot;,&quot;_ob_harakiri_writing_mode&quot;:&quot;inherit&quot;,&quot;_ob_postman_use&quot;:&quot;no&quot;,&quot;_ob_perspektive_use&quot;:&quot;no&quot;,&quot;_ob_poopart_use&quot;:&quot;yes&quot;,&quot;_ob_shadough_use&quot;:&quot;no&quot;,&quot;_ob_allow_hoveranimator&quot;:&quot;no&quot;,&quot;_ob_widget_stalker_use&quot;:&quot;no&quot;}\" data-widget_type=\"text-editor.default\">\n\t\t\t\t<div class=\"elementor-widget-container\">\n\t\t\t<style>\/*! elementor - v3.8.1 - 13-11-2022 *\/\n.elementor-widget-text-editor.elementor-drop-cap-view-stacked .elementor-drop-cap{background-color:#818a91;color:#fff}.elementor-widget-text-editor.elementor-drop-cap-view-framed .elementor-drop-cap{color:#818a91;border:3px solid;background-color:transparent}.elementor-widget-text-editor:not(.elementor-drop-cap-view-default) .elementor-drop-cap{margin-top:8px}.elementor-widget-text-editor:not(.elementor-drop-cap-view-default) .elementor-drop-cap-letter{width:1em;height:1em}.elementor-widget-text-editor .elementor-drop-cap{float:left;text-align:center;line-height:1;font-size:50px}.elementor-widget-text-editor .elementor-drop-cap-letter{display:inline-block}<\/style>\t\t\t\t<h4>BACKGROUND &amp; RATIONALE<\/h4><p>Following the launch of the first African Youth in Coffee Forum (AYCF) that was held virtually on March 11th, 2022, by the IACO Secretariat, the idea to host an African Youth Coffee Barista Championship was conceived. It was noted during the discussions, that coffee consumption in Africa though still negligible was increasing mainly driven by a proliferation of caf\u00e9s in many African capitals coupled with the emergence and rapid growth of an urbanized middle class and growing youthful population. The forum noted that these positive trends therefore provided a great opportunity for barista competitions to be promoted in order to assist in developing skills for job creation and propagating a coffee drinking culture among the youth.<br \/><img loading=\"lazy\" decoding=\"async\" class=\"alignright wp-image-1018 size-large\" src=\"https:\/\/oiac.ccfcc.tg\/wp-content\/uploads\/2022\/10\/WhatsApp-Image-2022-10-13-at-14.29.03-1024x581.jpg\" alt=\"\" width=\"800\" height=\"454\" srcset=\"https:\/\/oiac.ccfcc.tg\/wp-content\/uploads\/2022\/10\/WhatsApp-Image-2022-10-13-at-14.29.03-1024x581.jpg 1024w, https:\/\/oiac.ccfcc.tg\/wp-content\/uploads\/2022\/10\/WhatsApp-Image-2022-10-13-at-14.29.03-300x170.jpg 300w, https:\/\/oiac.ccfcc.tg\/wp-content\/uploads\/2022\/10\/WhatsApp-Image-2022-10-13-at-14.29.03-768x436.jpg 768w, https:\/\/oiac.ccfcc.tg\/wp-content\/uploads\/2022\/10\/WhatsApp-Image-2022-10-13-at-14.29.03-18x10.jpg 18w, https:\/\/oiac.ccfcc.tg\/wp-content\/uploads\/2022\/10\/WhatsApp-Image-2022-10-13-at-14.29.03.jpg 1080w\" sizes=\"auto, (max-width: 800px) 100vw, 800px\" \/>\u00a0Currently, the African continent has very few barista competitions because the coffee culture especially in the sub-Saharan is still very low with the average per capita consumption estimated below 1 kg per person. In the case of the developed world where per capita consumption is high and ranges above 7 kg per person, hundreds of barista competitions are conducted annually with the premier event being the World Barista Championship an equivalent to a World Cup Soccer event of coffees. These competitions are unsurprisingly dominated by participants from western consuming countries because of a developed coffee culture combined with an advanced value addition infrastructure. Likewise, the emerging popularity of the barista competitions in the Middle East and Asian regions have increased consumption and created a myriad of new cafes in cities like Hong Kong, Dubai and Doha which are now attracting many of the \u201cfew\u201d skilled African barristers. This trend has generated new interest among many unemployed African youths to acquire coffee barrister skills, more so, as coffee consumption increases in Africa, the demand for training of coffee barristers is expected to rise exponentially to meet the growing demand.<br \/>It is against this background that IACO will organize the first edition of the Africa Youth Barista Championship (AYBC) which will be held in Lom\u00e9, Togo during the 62nd Annual Meetings from November the 14th to the 18th 2022. The AYBC will be an annual event held in line with IACO\u2019s strategic plan to promote domestic coffee consumption in Africa under the DACBA (Drink African Coffee Build Africa) initiative.<\/p><p><span style=\"color: #3f1f00;\"><strong>OBJECTIVES<\/strong><\/span><\/p><ul><li>Promote a coffee drinking culture in Africa<\/li><li>Build awareness and promotion of good quality African origin coffees<\/li><li>Create a robust continental coffee barista program and galvanize African coffee professionals to network and come up with new innovations for the industry<\/li><li>Provide practical skills for the youth to create jobs and contribute to economic development for the continent.<\/li><\/ul><p><strong><span style=\"color: #3f1f00;\">TARGETED GROUPS<\/span><\/strong><\/p><ul><li>Youth from vocational, university, cafes, restaurants etc<\/li><li>National Barista Champions from all 54 AU members<\/li><li>Private sector groups active in coffee value chain (farmers, roasters exporters)<\/li><li>National Coffee bodies and organizations<\/li><li>Civil society groups<\/li><\/ul><p><strong><span style=\"color: #3f1f00;\">EXPECTED OUTCOMES<\/span><\/strong><\/p><ul><li>Increased awareness on the role of IACO and benefits to member states;<\/li><li>Promoted coffee drinking culture among the youth in Africa;<\/li><li>Increased brand awareness and influence of African coffees at the national, regional and international levels<\/li><li>Developed institutional and capacity building which are expected to create innovation, jobs for the youth in hotels, restaurants and cafes;<\/li><li>Increased revenue for the country as more taxes are received through job creation and better prices for producers and other available opportunities in the coffee value chain;<\/li><li>Established database and network of African youth and professionals in the coffee value chain<\/li><\/ul>\t\t\t\t\t\t<\/div>\n\t\t\t\t<\/div>\n\t\t\t\t<div class=\"elementor-element elementor-element-9009dc9 animated-fast elementor-mobile-align-justify elementor-widget-mobile__width-inherit ob-has-background-overlay elementor-widget elementor-widget-button\" data-id=\"9009dc9\" data-element_type=\"widget\" data-settings=\"{&quot;_animation&quot;:&quot;none&quot;,&quot;_animation_delay&quot;:&quot;1000&quot;,&quot;_ob_butterbutton_use_it&quot;:&quot;no&quot;,&quot;_ob_perspektive_use&quot;:&quot;no&quot;,&quot;_ob_poopart_use&quot;:&quot;yes&quot;,&quot;_ob_shadough_use&quot;:&quot;no&quot;,&quot;_ob_allow_hoveranimator&quot;:&quot;no&quot;,&quot;_ob_widget_stalker_use&quot;:&quot;no&quot;}\" data-widget_type=\"button.default\">\n\t\t\t\t<div class=\"elementor-widget-container\">\n\t\t\t\t\t<div class=\"elementor-button-wrapper\">\n\t\t\t<a href=\"https:\/\/docs.google.com\/forms\/d\/e\/1FAIpQLSeC9M1Bp8sr2EcYnzV1IYrxxg29ZcNIt1K7Vn0mwEW0lOM1sA\/viewform\" target=\"_blank\" class=\"elementor-button-link elementor-button elementor-size-sm elementor-animation-grow\" role=\"button\">\n\t\t\t\t\t\t<span class=\"elementor-button-content-wrapper\">\n\t\t\t\t\t\t<span class=\"elementor-button-text\">Barista Registration Form<\/span>\n\t\t<\/span>\n\t\t\t\t\t<\/a>\n\t\t<\/div>\n\t\t\t\t<\/div>\n\t\t\t\t<\/div>\n\t\t\t\t\t<\/div>\n\t\t<\/div>\n\t\t\t\t\t\t\t<\/div>\n\t\t<\/section>\n\t\t\t\t\t\t\t<\/div>","protected":false},"excerpt":{"rendered":"<p>CHAMPIONNAT AFRICAIN DES JEUNES BARISTA DE L\u2019OIAC CONTEXTE ET JUSTIFICATION L\u2019id\u00e9e d\u2019organiser un Championnat africain des jeunes barista a \u00e9merg\u00e9 du Forum des jeunes africains dans le secteur du caf\u00e9 (AYCF) dont la premi\u00e8re \u00e9dition a \u00e9t\u00e9 organis\u00e9e virtuellement le 11 mars 2022 par le Secr\u00e9tariat de l\u2019OIAC. Au cours des discussions, il a \u00e9t\u00e9 [&hellip;]<\/p>","protected":false},"author":1,"featured_media":0,"parent":0,"menu_order":0,"comment_status":"closed","ping_status":"closed","template":"","meta":{"footnotes":""},"class_list":["post-797","page","type-page","status-publish","hentry"],"_links":{"self":[{"href":"https:\/\/oiac.ccfcc.tg\/en\/wp-json\/wp\/v2\/pages\/797","targetHints":{"allow":["GET"]}}],"collection":[{"href":"https:\/\/oiac.ccfcc.tg\/en\/wp-json\/wp\/v2\/pages"}],"about":[{"href":"https:\/\/oiac.ccfcc.tg\/en\/wp-json\/wp\/v2\/types\/page"}],"author":[{"embeddable":true,"href":"https:\/\/oiac.ccfcc.tg\/en\/wp-json\/wp\/v2\/users\/1"}],"replies":[{"embeddable":true,"href":"https:\/\/oiac.ccfcc.tg\/en\/wp-json\/wp\/v2\/comments?post=797"}],"version-history":[{"count":40,"href":"https:\/\/oiac.ccfcc.tg\/en\/wp-json\/wp\/v2\/pages\/797\/revisions"}],"predecessor-version":[{"id":1021,"href":"https:\/\/oiac.ccfcc.tg\/en\/wp-json\/wp\/v2\/pages\/797\/revisions\/1021"}],"wp:attachment":[{"href":"https:\/\/oiac.ccfcc.tg\/en\/wp-json\/wp\/v2\/media?parent=797"}],"curies":[{"name":"wp","href":"https:\/\/api.w.org\/{rel}","templated":true}]}}